{"id":108,"date":"2026-01-29T17:54:37","date_gmt":"2026-01-29T17:54:37","guid":{"rendered":"https:\/\/kappafurniture.it\/index.php\/home-2\/"},"modified":"2026-02-09T22:43:39","modified_gmt":"2026-02-09T22:43:39","slug":"home","status":"publish","type":"page","link":"https:\/\/kappafurniture.it\/","title":{"rendered":"Home"},"content":{"rendered":"\t\t<div data-elementor-type=\"wp-page\" data-elementor-id=\"108\" class=\"elementor elementor-108\">\n\t\t\t\t<div class=\"elementor-element elementor-element-7426c920 e-flex e-con-boxed e-con e-parent\" data-id=\"7426c920\" data-element_type=\"container\" data-e-type=\"container\" data-settings=\"{&quot;background_background&quot;:&quot;classic&quot;}\">\n\t\t\t\t\t<div class=\"e-con-inner\">\n\t\t<div class=\"elementor-element elementor-element-1e5e2d2 e-con-full e-flex e-con e-child\" data-id=\"1e5e2d2\" data-element_type=\"container\" data-e-type=\"container\">\n\t\t\t\t<div class=\"elementor-element elementor-element-ea58db0 elementor-widget elementor-widget-image\" data-id=\"ea58db0\" data-element_type=\"widget\" data-e-type=\"widget\" data-widget_type=\"image.default\">\n\t\t\t\t\t\t\t\t\t\t\t\t\t\t\t<img decoding=\"async\" width=\"300\" height=\"86\" src=\"https:\/\/kappafurniture.it\/wp-content\/uploads\/2026\/01\/Negativo_LogotipoH_KappaFurniture-1-300x86.png\" class=\"attachment-medium size-medium wp-image-216\" alt=\"\" srcset=\"https:\/\/kappafurniture.it\/wp-content\/uploads\/2026\/01\/Negativo_LogotipoH_KappaFurniture-1-300x86.png 300w, https:\/\/kappafurniture.it\/wp-content\/uploads\/2026\/01\/Negativo_LogotipoH_KappaFurniture-1-1024x295.png 1024w, https:\/\/kappafurniture.it\/wp-content\/uploads\/2026\/01\/Negativo_LogotipoH_KappaFurniture-1-768x221.png 768w, https:\/\/kappafurniture.it\/wp-content\/uploads\/2026\/01\/Negativo_LogotipoH_KappaFurniture-1-1536x442.png 1536w, https:\/\/kappafurniture.it\/wp-content\/uploads\/2026\/01\/Negativo_LogotipoH_KappaFurniture-1-2048x590.png 2048w, https:\/\/kappafurniture.it\/wp-content\/uploads\/2026\/01\/Negativo_LogotipoH_KappaFurniture-1-350x100.png 350w\" sizes=\"(max-width: 300px) 100vw, 300px\" \/>\t\t\t\t\t\t\t\t\t\t\t\t\t\t\t<\/div>\n\t\t\t\t<\/div>\n\t\t\t\t<div class=\"elementor-element elementor-element-4a0fd027 elementor-widget elementor-widget-heading\" data-id=\"4a0fd027\" data-element_type=\"widget\" data-e-type=\"widget\" data-widget_type=\"heading.default\">\n\t\t\t\t\t<h1 class=\"elementor-heading-title elementor-size-default\">Su misura, <br>\nper natura.<\/h1>\t\t\t\t<\/div>\n\t\t\t\t<div class=\"elementor-element elementor-element-505bff5e elementor-widget elementor-widget-heading\" data-id=\"505bff5e\" data-element_type=\"widget\" data-e-type=\"widget\" data-widget_type=\"heading.default\">\n\t\t\t\t\t<h5 class=\"elementor-heading-title elementor-size-default\">Progettiamo e realizziamo arredi e soluzioni in legno su misura,  con materiali certificati e processi sostenibili.\nArtigianalit\u00e0, precisione e rispetto per la foresta: il nostro modo di lavorare.<\/h5>\t\t\t\t<\/div>\n\t\t\t\t\t<\/div>\n\t\t\t\t<\/div>\n\t\t<div class=\"elementor-element elementor-element-0fbcbe0 e-flex e-con-boxed e-con e-parent\" data-id=\"0fbcbe0\" data-element_type=\"container\" data-e-type=\"container\">\n\t\t\t\t\t<div class=\"e-con-inner\">\n\t\t<div class=\"elementor-element elementor-element-5d53e91 e-con-full e-flex e-con e-child\" data-id=\"5d53e91\" data-element_type=\"container\" data-e-type=\"container\">\n\t\t\t\t<div class=\"elementor-element elementor-element-82ca621 elementor-widget elementor-widget-heading\" data-id=\"82ca621\" data-element_type=\"widget\" data-e-type=\"widget\" data-widget_type=\"heading.default\">\n\t\t\t\t\t<h2 class=\"elementor-heading-title elementor-size-default\">La forza del Gruppo<\/h2>\t\t\t\t<\/div>\n\t\t\t\t<\/div>\n\t\t\t\t<div class=\"elementor-element elementor-element-11461c1 elementor-widget elementor-widget-text-editor\" data-id=\"11461c1\" data-element_type=\"widget\" data-e-type=\"widget\" data-widget_type=\"text-editor.default\">\n\t\t\t\t\t\t\t\t\t<p>Operare all\u2019interno di un gruppo strutturato ci permette di offrire ai clienti, tramite le nostre aziende partner, un vantaggio unico: la possibilit\u00e0 di integrare direttamente la produzione di arredi e componenti su misura all\u2019interno dei progetti.<\/p><p>La sinergia con la falegnameria del gruppo assicura tempi certi, controllo totale sulla qualit\u00e0 e soluzioni perfettamente personalizzate, progettate in continuit\u00e0 con lo sviluppo dello stand o dello spazio espositivo. Un flusso di lavoro interno, coordinato e senza intermediazioni: pi\u00f9 efficienza, pi\u00f9 precisione, pi\u00f9 valore per il cliente.<\/p>\t\t\t\t\t\t\t\t<\/div>\n\t\t\t\t\t<\/div>\n\t\t\t\t<\/div>\n\t\t<div class=\"elementor-element elementor-element-66586c3 e-grid e-con-boxed e-con e-parent\" data-id=\"66586c3\" data-element_type=\"container\" data-e-type=\"container\">\n\t\t\t\t\t<div class=\"e-con-inner\">\n\t\t\t\t<div class=\"elementor-element elementor-element-4df37e8 elementor-widget-mobile__width-auto elementor-widget elementor-widget-image\" data-id=\"4df37e8\" data-element_type=\"widget\" data-e-type=\"widget\" data-widget_type=\"image.default\">\n\t\t\t\t\t\t\t\t\t\t\t\t\t\t\t\t<a href=\"https:\/\/3kappaholding.it\/\">\n\t\t\t\t\t\t\t<img decoding=\"async\" src=\"https:\/\/kappafurniture.it\/wp-content\/uploads\/elementor\/thumbs\/Blu_LogotipoH_3Kappa-scaled-ridsqmdwo20vg4pqwbo2mxtx8513736jszyed1ntsa.png\" title=\"Blu_LogotipoH_3Kappa\" alt=\"Blu_LogotipoH_3Kappa\" loading=\"lazy\" \/>\t\t\t\t\t\t\t\t<\/a>\n\t\t\t\t\t\t\t\t\t\t\t\t\t\t\t<\/div>\n\t\t\t\t<div class=\"elementor-element elementor-element-34c35cb elementor-widget elementor-widget-image\" data-id=\"34c35cb\" data-element_type=\"widget\" data-e-type=\"widget\" data-widget_type=\"image.default\">\n\t\t\t\t\t\t\t\t\t\t\t\t\t\t\t\t<a href=\"https:\/\/eclaretaildesign.it\/\">\n\t\t\t\t\t\t\t<img decoding=\"async\" src=\"https:\/\/kappafurniture.it\/wp-content\/uploads\/elementor\/thumbs\/Logo-ECLA-Positivo-Payoff-Colori-scaled-ridsqo9kv5a4o5x9raeovk8w5pjdcumd2lefiyicl4.png\" title=\"Logo ECLA Positivo Payoff Colori\" alt=\"Logo ECLA Positivo Payoff Colori\" loading=\"lazy\" \/>\t\t\t\t\t\t\t\t<\/a>\n\t\t\t\t\t\t\t\t\t\t\t\t\t\t\t<\/div>\n\t\t\t\t<div class=\"elementor-element elementor-element-d6a5c11 elementor-widget elementor-widget-image\" data-id=\"d6a5c11\" data-element_type=\"widget\" data-e-type=\"widget\" data-widget_type=\"image.default\">\n\t\t\t\t\t\t\t\t\t\t\t\t\t\t\t\t<a href=\"https:\/\/kappaexhibition.it\/\">\n\t\t\t\t\t\t\t<img decoding=\"async\" src=\"https:\/\/kappafurniture.it\/wp-content\/uploads\/elementor\/thumbs\/Positivo_LogotipoH_KappaExhibition-scaled-ridsqq59iwgyhh3yexb6830u3me1zuqdq75gus7fgi.png\" title=\"Positivo_LogotipoH_KappaExhibition\" alt=\"Positivo_LogotipoH_KappaExhibition\" loading=\"lazy\" \/>\t\t\t\t\t\t\t\t<\/a>\n\t\t\t\t\t\t\t\t\t\t\t\t\t\t\t<\/div>\n\t\t\t\t<div class=\"elementor-element elementor-element-eda4152 elementor-widget elementor-widget-image\" data-id=\"eda4152\" data-element_type=\"widget\" data-e-type=\"widget\" data-widget_type=\"image.default\">\n\t\t\t\t\t\t\t\t\t\t\t\t\t\t\t\t<a href=\"https:\/\/kappafurniture.it\/\">\n\t\t\t\t\t\t\t<img decoding=\"async\" src=\"https:\/\/kappafurniture.it\/wp-content\/uploads\/elementor\/thumbs\/cropped-Positivo_LogotipoH_KappaFurniture-scaled-1-ridpegon3zu91jsqnxvk7fjpyv5f5zapuyb0eairk2.png\" title=\"Positivo_LogotipoH_KappaFurniture\" alt=\"Positivo_LogotipoH_KappaFurniture\" loading=\"lazy\" \/>\t\t\t\t\t\t\t\t<\/a>\n\t\t\t\t\t\t\t\t\t\t\t\t\t\t\t<\/div>\n\t\t\t\t\t<\/div>\n\t\t\t\t<\/div>\n\t\t<div class=\"elementor-element elementor-element-bbc3efe e-grid e-con-full e-con e-parent\" data-id=\"bbc3efe\" data-element_type=\"container\" data-e-type=\"container\">\n\t\t\t\t<div class=\"elementor-element elementor-element-23f06f2 elementor-widget elementor-widget-image\" data-id=\"23f06f2\" data-element_type=\"widget\" data-e-type=\"widget\" data-widget_type=\"image.default\">\n\t\t\t\t\t\t\t\t\t\t\t\t\t\t\t<img fetchpriority=\"high\" decoding=\"async\" width=\"2560\" height=\"1707\" src=\"https:\/\/kappafurniture.it\/wp-content\/uploads\/2026\/01\/pickawood-iEW3iKU9geI-unsplash-scaled.jpg\" class=\"attachment-full size-full wp-image-131\" alt=\"\" srcset=\"https:\/\/kappafurniture.it\/wp-content\/uploads\/2026\/01\/pickawood-iEW3iKU9geI-unsplash-scaled.jpg 2560w, https:\/\/kappafurniture.it\/wp-content\/uploads\/2026\/01\/pickawood-iEW3iKU9geI-unsplash-300x200.jpg 300w, https:\/\/kappafurniture.it\/wp-content\/uploads\/2026\/01\/pickawood-iEW3iKU9geI-unsplash-1024x683.jpg 1024w, https:\/\/kappafurniture.it\/wp-content\/uploads\/2026\/01\/pickawood-iEW3iKU9geI-unsplash-768x512.jpg 768w, https:\/\/kappafurniture.it\/wp-content\/uploads\/2026\/01\/pickawood-iEW3iKU9geI-unsplash-1536x1024.jpg 1536w, https:\/\/kappafurniture.it\/wp-content\/uploads\/2026\/01\/pickawood-iEW3iKU9geI-unsplash-2048x1365.jpg 2048w\" sizes=\"(max-width: 2560px) 100vw, 2560px\" \/>\t\t\t\t\t\t\t\t\t\t\t\t\t\t\t<\/div>\n\t\t\t\t<div class=\"elementor-element elementor-element-ef8793e elementor-widget elementor-widget-image\" data-id=\"ef8793e\" data-element_type=\"widget\" data-e-type=\"widget\" data-widget_type=\"image.default\">\n\t\t\t\t\t\t\t\t\t\t\t\t\t\t\t<img decoding=\"async\" width=\"1936\" height=\"1291\" src=\"https:\/\/kappafurniture.it\/wp-content\/uploads\/2026\/01\/pickawood-_l9Znw_mxgs-unsplash.jpg\" class=\"attachment-full size-full wp-image-130\" alt=\"\" srcset=\"https:\/\/kappafurniture.it\/wp-content\/uploads\/2026\/01\/pickawood-_l9Znw_mxgs-unsplash.jpg 1936w, https:\/\/kappafurniture.it\/wp-content\/uploads\/2026\/01\/pickawood-_l9Znw_mxgs-unsplash-300x200.jpg 300w, https:\/\/kappafurniture.it\/wp-content\/uploads\/2026\/01\/pickawood-_l9Znw_mxgs-unsplash-1024x683.jpg 1024w, https:\/\/kappafurniture.it\/wp-content\/uploads\/2026\/01\/pickawood-_l9Znw_mxgs-unsplash-768x512.jpg 768w, https:\/\/kappafurniture.it\/wp-content\/uploads\/2026\/01\/pickawood-_l9Znw_mxgs-unsplash-1536x1024.jpg 1536w\" sizes=\"(max-width: 1936px) 100vw, 1936px\" \/>\t\t\t\t\t\t\t\t\t\t\t\t\t\t\t<\/div>\n\t\t\t\t<\/div>\n\t\t<div class=\"elementor-element elementor-element-0f24ee4 e-flex e-con-boxed e-con e-parent\" data-id=\"0f24ee4\" data-element_type=\"container\" data-e-type=\"container\">\n\t\t\t\t\t<div class=\"e-con-inner\">\n\t\t\t\t<div class=\"elementor-element elementor-element-88e139b elementor-widget elementor-widget-heading\" data-id=\"88e139b\" data-element_type=\"widget\" data-e-type=\"widget\" data-widget_type=\"heading.default\">\n\t\t\t\t\t<h2 class=\"elementor-heading-title elementor-size-default\">Un materiale, infinite possibilit\u00e0<\/h2>\t\t\t\t<\/div>\n\t\t\t\t<div class=\"elementor-element elementor-element-8a9450a elementor-widget elementor-widget-text-editor\" data-id=\"8a9450a\" data-element_type=\"widget\" data-e-type=\"widget\" data-widget_type=\"text-editor.default\">\n\t\t\t\t\t\t\t\t\t<p>Siamo la falegnameria facente parte del gruppo <b>3Kappa Holding<\/b>, che opera prevalentemente intragruppo e specializzata nella progettazione e realizzazione di arredi personalizzati, elementi su misura e componenti in legno per stand espositivi e showroom.<\/p><p>Coniughiamo competenze artigianali, tecnologie moderne e una cura maniacale per i dettagli, offrendo soluzioni precise, durevoli e perfettamente integrate nel progetto finale.<br \/>Utilizziamo legno proveniente da filiere certificate e processi che rispettano l\u2019ambiente, perch\u00e9 crediamo in un design che sia bello, funzionale e sostenibile.<\/p>\t\t\t\t\t\t\t\t<\/div>\n\t\t\t\t\t<\/div>\n\t\t\t\t<\/div>\n\t\t<div class=\"elementor-element elementor-element-466e6448 e-con-full e-flex e-con e-parent\" data-id=\"466e6448\" data-element_type=\"container\" data-e-type=\"container\" data-settings=\"{&quot;background_background&quot;:&quot;classic&quot;}\">\n\t\t<div class=\"elementor-element elementor-element-64baf2cb e-con-full e-flex e-con e-child\" data-id=\"64baf2cb\" data-element_type=\"container\" data-e-type=\"container\" data-settings=\"{&quot;background_background&quot;:&quot;classic&quot;}\">\n\t\t\t\t<div class=\"elementor-element elementor-element-f0e3fbc elementor-widget__width-initial elementor-widget elementor-widget-image\" data-id=\"f0e3fbc\" data-element_type=\"widget\" data-e-type=\"widget\" data-widget_type=\"image.default\">\n\t\t\t\t\t\t\t\t\t\t\t\t\t\t\t<img decoding=\"async\" width=\"300\" height=\"86\" src=\"https:\/\/kappafurniture.it\/wp-content\/uploads\/2026\/01\/Negativo_LogotipoH_KappaFurniture-1-300x86.png\" class=\"attachment-medium size-medium wp-image-216\" alt=\"\" srcset=\"https:\/\/kappafurniture.it\/wp-content\/uploads\/2026\/01\/Negativo_LogotipoH_KappaFurniture-1-300x86.png 300w, https:\/\/kappafurniture.it\/wp-content\/uploads\/2026\/01\/Negativo_LogotipoH_KappaFurniture-1-1024x295.png 1024w, https:\/\/kappafurniture.it\/wp-content\/uploads\/2026\/01\/Negativo_LogotipoH_KappaFurniture-1-768x221.png 768w, https:\/\/kappafurniture.it\/wp-content\/uploads\/2026\/01\/Negativo_LogotipoH_KappaFurniture-1-1536x442.png 1536w, https:\/\/kappafurniture.it\/wp-content\/uploads\/2026\/01\/Negativo_LogotipoH_KappaFurniture-1-2048x590.png 2048w, https:\/\/kappafurniture.it\/wp-content\/uploads\/2026\/01\/Negativo_LogotipoH_KappaFurniture-1-350x100.png 350w\" sizes=\"(max-width: 300px) 100vw, 300px\" \/>\t\t\t\t\t\t\t\t\t\t\t\t\t\t\t<\/div>\n\t\t\t\t<div class=\"elementor-element elementor-element-bfaa58b elementor-widget__width-initial elementor-widget elementor-widget-text-editor\" data-id=\"bfaa58b\" data-element_type=\"widget\" data-e-type=\"widget\" data-widget_type=\"text-editor.default\">\n\t\t\t\t\t\t\t\t\t<p><strong>Kappa Furniture Srl<\/strong><\/p><p><strong>Sede legale: <\/strong>Piazza Giuseppe Verdi, 20\/8 &#8211; 33019 Tricesimo &#8211; Udine, Italia<br \/><strong>Sede operativa: <\/strong>Via Arturo Malignani 11 \u2013 Z.I. Paderno \/ 33034 Premariacco &#8211; Udine, Italia<\/p><p>P.IVA: 03189310307\u00a0 &#8211;\u00a0 N\u00b0 REA: UD &#8211; 377897 \/ SDI: T04ZHR3\u00a0 &#8211;\u00a0 Cap. soc. 50.000 \u20ac i.v.<\/p>\t\t\t\t\t\t\t\t<\/div>\n\t\t\t\t<div class=\"elementor-element elementor-element-b174081 elementor-widget__width-initial elementor-widget elementor-widget-button\" data-id=\"b174081\" data-element_type=\"widget\" data-e-type=\"widget\" data-widget_type=\"button.default\">\n\t\t\t\t\t\t\t\t\t\t<a class=\"elementor-button elementor-button-link elementor-size-sm\" href=\"https:\/\/kappafurniture.it\/index.php\/privacy-policy\/\">\n\t\t\t\t\t\t<span class=\"elementor-button-content-wrapper\">\n\t\t\t\t\t\t\t\t\t<span class=\"elementor-button-text\">Privacy Policy<\/span>\n\t\t\t\t\t<\/span>\n\t\t\t\t\t<\/a>\n\t\t\t\t\t\t\t\t<\/div>\n\t\t\t\t<div class=\"elementor-element elementor-element-54d53fb elementor-widget__width-initial elementor-widget elementor-widget-button\" data-id=\"54d53fb\" data-element_type=\"widget\" data-e-type=\"widget\" data-widget_type=\"button.default\">\n\t\t\t\t\t\t\t\t\t\t<a class=\"elementor-button elementor-button-link elementor-size-sm\" href=\"https:\/\/kappafurniture.it\/index.php\/cookie-policy-ue\/\">\n\t\t\t\t\t\t<span class=\"elementor-button-content-wrapper\">\n\t\t\t\t\t\t\t\t\t<span class=\"elementor-button-text\">Cookie Policy<\/span>\n\t\t\t\t\t<\/span>\n\t\t\t\t\t<\/a>\n\t\t\t\t\t\t\t\t<\/div>\n\t\t\t\t<\/div>\n\t\t\t\t<\/div>\n\t\t\t\t<\/div>\n\t\t","protected":false},"excerpt":{"rendered":"<p>Su misura, per natura. Progettiamo e realizziamo arredi e soluzioni in legno su misura, con materiali certificati e processi sostenibili. Artigianalit\u00e0, precisione e rispetto per la foresta: il nostro modo di lavorare. La forza del Gruppo Operare all\u2019interno di un gruppo strutturato ci permette di offrire ai clienti, tramite le nostre aziende partner, un vantaggio [&hellip;]<\/p>\n","protected":false},"author":1,"featured_media":112,"parent":0,"menu_order":0,"comment_status":"closed","ping_status":"closed","template":"elementor_header_footer","meta":{"footnotes":""},"class_list":["post-108","page","type-page","status-publish","has-post-thumbnail","hentry"],"jetpack_sharing_enabled":true,"_links":{"self":[{"href":"https:\/\/kappafurniture.it\/index.php\/wp-json\/wp\/v2\/pages\/108","targetHints":{"allow":["GET"]}}],"collection":[{"href":"https:\/\/kappafurniture.it\/index.php\/wp-json\/wp\/v2\/pages"}],"about":[{"href":"https:\/\/kappafurniture.it\/index.php\/wp-json\/wp\/v2\/types\/page"}],"author":[{"embeddable":true,"href":"https:\/\/kappafurniture.it\/index.php\/wp-json\/wp\/v2\/users\/1"}],"replies":[{"embeddable":true,"href":"https:\/\/kappafurniture.it\/index.php\/wp-json\/wp\/v2\/comments?post=108"}],"version-history":[{"count":133,"href":"https:\/\/kappafurniture.it\/index.php\/wp-json\/wp\/v2\/pages\/108\/revisions"}],"predecessor-version":[{"id":297,"href":"https:\/\/kappafurniture.it\/index.php\/wp-json\/wp\/v2\/pages\/108\/revisions\/297"}],"wp:featuredmedia":[{"embeddable":true,"href":"https:\/\/kappafurniture.it\/index.php\/wp-json\/wp\/v2\/media\/112"}],"wp:attachment":[{"href":"https:\/\/kappafurniture.it\/index.php\/wp-json\/wp\/v2\/media?parent=108"}],"curies":[{"name":"wp","href":"https:\/\/api.w.org\/{rel}","templated":true}]}}